{"id":298,"date":"2026-04-23T21:21:49","date_gmt":"2026-04-23T21:21:49","guid":{"rendered":"https:\/\/zyngaa.holistic-hercules-fo.zipwpcloud.com\/?page_id=298"},"modified":"2026-04-24T15:18:59","modified_gmt":"2026-04-24T15:18:59","slug":"about","status":"publish","type":"page","link":"https:\/\/ozgaps.com\/tr\/about\/","title":{"rendered":"Hakk\u0131m\u0131zda"},"content":{"rendered":"<div class=\"wp-block-uagb-container uagb-layout-grid uagb-block-bfe052b1 alignfull uagb-is-root-container\"><div class=\"uagb-container-inner-blocks-wrap\">\n<div class=\"wp-block-uagb-advanced-heading uagb-block-4de6aee5\"><div class=\"uagb-separator\"><\/div><h1 class=\"uagb-heading-text\">K\u00dcRESEL TAZE \u00dcR\u00dcN TEDAR\u0130K\u0130NDE G\u00dcVEN\u0130L\u0130R \u0130\u015e ORTA\u011eINIZ<\/h1><\/div>\n\n\n\n<div class=\"wp-block-uagb-image uagb-block-259aae54 wp-block-uagb-image--layout-default wp-block-uagb-image--effect-static wp-block-uagb-image--align-none\"><figure class=\"wp-block-uagb-image__figure\"><img decoding=\"async\" srcset=\"https:\/\/zyngaa.holistic-hercules-fo.zipwpcloud.com\/wp-content\/uploads\/2026\/04\/photo10jpg-scaled.jpeg ,https:\/\/zyngaa.holistic-hercules-fo.zipwpcloud.com\/wp-content\/uploads\/2026\/04\/photo10jpg-scaled.jpeg 780w, https:\/\/zyngaa.holistic-hercules-fo.zipwpcloud.com\/wp-content\/uploads\/2026\/04\/photo10jpg-scaled.jpeg 360w\" sizes=\"auto, (max-width: 480px) 150px\" src=\"https:\/\/zyngaa.holistic-hercules-fo.zipwpcloud.com\/wp-content\/uploads\/2026\/04\/photo10jpg-scaled.jpeg\" alt=\"photo10jpg\" class=\"uag-image-562\" width=\"396\" height=\"380\" title=\"about-img\" loading=\"lazy\" role=\"img\"\/><\/figure><\/div>\n<\/div><\/div>\n\n\n\n<div class=\"wp-block-uagb-container uagb-block-b6c01382 alignfull uagb-is-root-container\"><div class=\"uagb-container-inner-blocks-wrap\">\n<div class=\"wp-block-uagb-image uagb-block-ee911b6e wp-block-uagb-image--layout-default wp-block-uagb-image--effect-static wp-block-uagb-image--align-none\"><figure class=\"wp-block-uagb-image__figure\"><img decoding=\"async\" srcset=\"https:\/\/zyngaa.holistic-hercules-fo.zipwpcloud.com\/wp-content\/uploads\/2026\/04\/photo4jpg.jpeg ,https:\/\/zyngaa.holistic-hercules-fo.zipwpcloud.com\/wp-content\/uploads\/2026\/04\/photo4jpg.jpeg 780w, https:\/\/zyngaa.holistic-hercules-fo.zipwpcloud.com\/wp-content\/uploads\/2026\/04\/photo4jpg.jpeg 360w\" sizes=\"auto, (max-width: 480px) 150px\" src=\"https:\/\/zyngaa.holistic-hercules-fo.zipwpcloud.com\/wp-content\/uploads\/2026\/04\/photo4jpg.jpeg\" alt=\"photo4jpg\" class=\"uag-image-548\" width=\"1200\" height=\"450\" title=\"our-experience\" loading=\"lazy\" role=\"img\"\/><\/figure><\/div>\n\n\n\n<div class=\"wp-block-uagb-container uagb-block-3ac84b20\">\n<div class=\"wp-block-uagb-container uag-blocks-common-selector uagb-block-0bc34e4a\">\n<div class=\"wp-block-uagb-advanced-heading uagb-block-7752a12a\"><div class=\"uagb-separator\"><\/div><h2 class=\"uagb-heading-text\">Kalite ve Hizmete Olan Ba\u011fl\u0131l\u0131\u011f\u0131m\u0131z\u0131 Ke\u015ffedin<\/h2><\/div>\n\n\n\n<div class=\"wp-block-uagb-image uagb-block-d2071441 wp-block-uagb-image--layout-default wp-block-uagb-image--effect-static wp-block-uagb-image--align-none\"><figure class=\"wp-block-uagb-image__figure\"><img decoding=\"async\" srcset=\"https:\/\/zyngaa.holistic-hercules-fo.zipwpcloud.com\/wp-content\/uploads\/2026\/04\/photo2jpg-scaled.jpeg ,https:\/\/zyngaa.holistic-hercules-fo.zipwpcloud.com\/wp-content\/uploads\/2026\/04\/photo2jpg-scaled.jpeg 780w, https:\/\/zyngaa.holistic-hercules-fo.zipwpcloud.com\/wp-content\/uploads\/2026\/04\/photo2jpg-scaled.jpeg 360w\" sizes=\"auto, (max-width: 480px) 150px\" src=\"https:\/\/zyngaa.holistic-hercules-fo.zipwpcloud.com\/wp-content\/uploads\/2026\/04\/photo2jpg-scaled.jpeg\" alt=\"photo2jpg\" class=\"uag-image-555\" width=\"560\" height=\"400\" title=\"about-02\" loading=\"lazy\" role=\"img\"\/><\/figure><\/div>\n<\/div>\n\n\n\n<div class=\"wp-block-uagb-advanced-heading uagb-block-90bd4abb\"><h3 class=\"uagb-heading-text\">\u00d6ZGAP \u0130thalat &amp; \u0130hracat, taze \u00fcr\u00fcn tedarik zincirlerinde uzmanla\u015fm\u0131\u015f olup, tarladan sofraya kaliteyi garanti eder.<\/h3><p class=\"uagb-desc-text\">\u00d6ZGAP, taze meyve ve sebzeler i\u00e7in kesintisiz bir tedarik zinciri sunma konusunda uzmanla\u015fm\u0131\u015ft\u0131r. S\u00fcrd\u00fcr\u00fclebilir tar\u0131m\u0131 ileri teknoloji i\u015fleme tesisleriyle birle\u015ftirerek, narenciyeden sert \u00e7ekirdekli meyvelere kadar t\u00fcm \u00fcr\u00fcnlerin en y\u00fcksek uluslararas\u0131 kalite standartlar\u0131n\u0131 kar\u015f\u0131lamas\u0131n\u0131 sa\u011fl\u0131yoruz. Rusya, Avrupa ve Orta Do\u011fu\u2019daki varl\u0131\u011f\u0131m\u0131z; 20 y\u0131l\u0131 a\u015fk\u0131n deneyim, izlenebilirlik ve \u00fcst\u00fcn tazelik \u00fczerine kuruludur.<\/p><\/div>\n<\/div>\n<\/div><\/div>\n\n\n\n<div class=\"wp-block-uagb-container uagb-block-b7e83894 alignfull uagb-is-root-container\"><div class=\"uagb-container-inner-blocks-wrap\">\n<div class=\"wp-block-uagb-advanced-heading uagb-block-1fe48051\"><div class=\"uagb-separator\"><\/div><h2 class=\"uagb-heading-text\">\u015eirketimiz Hakk\u0131nda<\/h2><p class=\"uagb-desc-text\">S\u00fcrd\u00fcr\u00fclebilirlik ve g\u00fcvenilirli\u011fe odaklanarak, bir\u00e7ok perakendecinin taze \u00fcr\u00fcn portf\u00f6y\u00fcn\u00fc g\u00fc\u00e7lendirmesine ve pazardaki rekabet g\u00fcc\u00fcn\u00fc art\u0131rmas\u0131na yard\u0131mc\u0131 olduk.<\/p><\/div>\n\n\n<div class=\"wp-block-uagb-faq uagb-faq__outer-wrap uagb-block-20e9f1df uagb-faq-icon-row-reverse uagb-faq-layout-accordion uagb-faq-expand-first-true uagb-faq-inactive-other-true uagb-faq__wrap uagb-buttons-layout-wrap uagb-faq-equal-height\" data-faqtoggle=\"true\" role=\"tablist\"><div class=\"wp-block-uagb-faq-child uagb-faq-child__outer-wrap uagb-faq-item uagb-block-e85bdb9d\" role=\"tab\" tabindex=\"0\"><div class=\"uagb-faq-questions-button uagb-faq-questions\">\t\t\t<span class=\"uagb-icon uagb-faq-icon-wrap\">\n\t\t\t\t\t\t\t\t<svg xmlns=\"https:\/\/www.w3.org\/2000\/svg\" viewbox= \"0 0 448 512\"><path d=\"M416 352c-8.188 0-16.38-3.125-22.62-9.375L224 173.3l-169.4 169.4c-12.5 12.5-32.75 12.5-45.25 0s-12.5-32.75 0-45.25l192-192c12.5-12.5 32.75-12.5 45.25 0l192 192c12.5 12.5 12.5 32.75 0 45.25C432.4 348.9 424.2 352 416 352z\"><\/path><\/svg>\n\t\t\t\t\t\t\t<\/span>\n\t\t\t\t\t\t<span class=\"uagb-icon-active uagb-faq-icon-wrap\">\n\t\t\t\t\t\t\t\t<svg xmlns=\"https:\/\/www.w3.org\/2000\/svg\" viewbox= \"0 0 448 512\"><path d=\"M224 416c-8.188 0-16.38-3.125-22.62-9.375l-192-192c-12.5-12.5-12.5-32.75 0-45.25s32.75-12.5 45.25 0L224 338.8l169.4-169.4c12.5-12.5 32.75-12.5 45.25 0s12.5 32.75 0 45.25l-192 192C240.4 412.9 232.2 416 224 416z\"><\/path><\/svg>\n\t\t\t\t\t\t\t<\/span>\n\t\t\t<span class=\"uagb-question\">Misyonumuz: Tazeli\u011fi D\u00fcnyaya Ula\u015ft\u0131rmak<\/span><\/div><div class=\"uagb-faq-content\"><p>T\u00fcrk bah\u00e7eleri ile k\u00fcresel t\u00fcketiciler aras\u0131nda g\u00fcvenilir, \u015feffaf ve h\u0131zl\u0131 ihracat \u00e7\u00f6z\u00fcmleriyle k\u00f6pr\u00fc kurmak<\/p><\/div><\/div><div class=\"wp-block-uagb-faq-child uagb-faq-child__outer-wrap uagb-faq-item uagb-block-c1da3ed7\" role=\"tab\" tabindex=\"0\"><div class=\"uagb-faq-questions-button uagb-faq-questions\">\t\t\t<span class=\"uagb-icon uagb-faq-icon-wrap\">\n\t\t\t\t\t\t\t\t<svg xmlns=\"https:\/\/www.w3.org\/2000\/svg\" viewbox= \"0 0 448 512\"><path d=\"M416 352c-8.188 0-16.38-3.125-22.62-9.375L224 173.3l-169.4 169.4c-12.5 12.5-32.75 12.5-45.25 0s-12.5-32.75 0-45.25l192-192c12.5-12.5 32.75-12.5 45.25 0l192 192c12.5 12.5 12.5 32.75 0 45.25C432.4 348.9 424.2 352 416 352z\"><\/path><\/svg>\n\t\t\t\t\t\t\t<\/span>\n\t\t\t\t\t\t<span class=\"uagb-icon-active uagb-faq-icon-wrap\">\n\t\t\t\t\t\t\t\t<svg xmlns=\"https:\/\/www.w3.org\/2000\/svg\" viewbox= \"0 0 448 512\"><path d=\"M224 416c-8.188 0-16.38-3.125-22.62-9.375l-192-192c-12.5-12.5-12.5-32.75 0-45.25s32.75-12.5 45.25 0L224 338.8l169.4-169.4c12.5-12.5 32.75-12.5 45.25 0s12.5 32.75 0 45.25l-192 192C240.4 412.9 232.2 416 224 416z\"><\/path><\/svg>\n\t\t\t\t\t\t\t<\/span>\n\t\t\t<span class=\"uagb-question\">Pazar Kapsam\u0131m\u0131z: \u00dc\u00e7 K\u0131ta<\/span><\/div><div class=\"uagb-faq-content\"><p>Rusya, Avrupa Birli\u011fi ve Orta Do\u011fu pazarlar\u0131na; her b\u00f6lgeye \u00f6zel lojistik \u00e7\u00f6z\u00fcmlerle stratejik olarak hizmet vermekteyiz.<\/p><\/div><\/div><div class=\"wp-block-uagb-faq-child uagb-faq-child__outer-wrap uagb-faq-item uagb-block-7b419e9c\" role=\"tab\" tabindex=\"0\"><div class=\"uagb-faq-questions-button uagb-faq-questions\">\t\t\t<span class=\"uagb-icon uagb-faq-icon-wrap\">\n\t\t\t\t\t\t\t\t<svg xmlns=\"https:\/\/www.w3.org\/2000\/svg\" viewbox= \"0 0 448 512\"><path d=\"M416 352c-8.188 0-16.38-3.125-22.62-9.375L224 173.3l-169.4 169.4c-12.5 12.5-32.75 12.5-45.25 0s-12.5-32.75 0-45.25l192-192c12.5-12.5 32.75-12.5 45.25 0l192 192c12.5 12.5 12.5 32.75 0 45.25C432.4 348.9 424.2 352 416 352z\"><\/path><\/svg>\n\t\t\t\t\t\t\t<\/span>\n\t\t\t\t\t\t<span class=\"uagb-icon-active uagb-faq-icon-wrap\">\n\t\t\t\t\t\t\t\t<svg xmlns=\"https:\/\/www.w3.org\/2000\/svg\" viewbox= \"0 0 448 512\"><path d=\"M224 416c-8.188 0-16.38-3.125-22.62-9.375l-192-192c-12.5-12.5-12.5-32.75 0-45.25s32.75-12.5 45.25 0L224 338.8l169.4-169.4c12.5-12.5 32.75-12.5 45.25 0s12.5 32.75 0 45.25l-192 192C240.4 412.9 232.2 416 224 416z\"><\/path><\/svg>\n\t\t\t\t\t\t\t<\/span>\n\t\t\t<span class=\"uagb-question\">Tedarik Modelimiz: Kontroll\u00fc M\u00fckemmellik<\/span><\/div><div class=\"uagb-faq-content\"><p>Kendi modern seralar\u0131m\u0131z\u0131 i\u015fletiyor ve sertifikal\u0131 \u00fcreticilerden olu\u015fan bir a\u011f ile i\u015f birli\u011fi yaparak y\u0131l boyunca kesintisiz premium \u00fcr\u00fcn tedariki sa\u011fl\u0131yoruz.<\/p><\/div><\/div><\/div><\/div><\/div>\n\n\n\n<div class=\"wp-block-uagb-container uagb-block-71d5d729 alignfull uagb-is-root-container\"><div class=\"uagb-container-inner-blocks-wrap\">\n<div class=\"wp-block-uagb-advanced-heading uagb-block-c0ed63b6\"><div class=\"uagb-separator\"><\/div><h2 class=\"uagb-heading-text\">Yolculu\u011fumuz: B\u00fcy\u00fcme S\u00fcrecimiz<\/h2><p class=\"uagb-desc-text\">2005 y\u0131l\u0131nda kurulan \u00d6ZGAP, Adana\u2019n\u0131n kalbinde yerel bir giri\u015fim olarak yola \u00e7\u0131kt\u0131. Amac\u0131m\u0131z basit ama iddial\u0131yd\u0131: T\u00fcrk narenciyesinin \u00fcst\u00fcn kalitesini d\u00fcnya pazar\u0131na sunmak. Anadolu\u2019nun verimli topraklar\u0131ndan do\u011fan firmam\u0131z, tar\u0131ma duyulan derin sayg\u0131 ve yerel lezzetleri global sofralara ula\u015ft\u0131rma vizyonu \u00fczerine kurulmu\u015ftur<\/p><\/div>\n\n\n\n<div class=\"wp-block-uagb-image uagb-block-3b882c31 wp-block-uagb-image--layout-default wp-block-uagb-image--effect-static wp-block-uagb-image--align-none\"><figure class=\"wp-block-uagb-image__figure\"><img decoding=\"async\" srcset=\"https:\/\/zyngaa.holistic-hercules-fo.zipwpcloud.com\/wp-content\/uploads\/2026\/04\/photo1jpg-scaled.jpeg ,https:\/\/zyngaa.holistic-hercules-fo.zipwpcloud.com\/wp-content\/uploads\/2026\/04\/photo1jpg-scaled.jpeg 780w, https:\/\/zyngaa.holistic-hercules-fo.zipwpcloud.com\/wp-content\/uploads\/2026\/04\/photo1jpg-scaled.jpeg 360w\" sizes=\"auto, (max-width: 480px) 150px\" src=\"https:\/\/zyngaa.holistic-hercules-fo.zipwpcloud.com\/wp-content\/uploads\/2026\/04\/photo1jpg-scaled.jpeg\" alt=\"photo1jpg\" class=\"uag-image-559\" width=\"360\" height=\"460\" title=\"ours-journey\" loading=\"lazy\" role=\"img\"\/><\/figure><\/div>\n\n\n\n<div class=\"wp-block-uagb-advanced-heading uagb-block-441d128f\"><h3 class=\"uagb-heading-text\">\u00d6ZGAP\u2019\u0131n Geli\u015fimi: Yerel Tedarik\u00e7iden K\u00fcresel Liderli\u011fe<\/h3><p class=\"uagb-desc-text\">Aradan ge\u00e7en yirmi y\u0131l\u0131n ard\u0131ndan, k\u00fcresel bir ihracat g\u00fcc\u00fcne d\u00f6n\u00fc\u015ft\u00fck. Son teknoloji so\u011fuk hava depolar\u0131 ve otomatik i\u015fleme sistemleri ile her \u00fcr\u00fcn\u00fcn maksimum tazelikte kalmas\u0131n\u0131 sa\u011fl\u0131yoruz. Kara ve deniz ta\u015f\u0131mac\u0131l\u0131\u011f\u0131n\u0131 kapsayan g\u00fc\u00e7l\u00fc lojistik a\u011f\u0131m\u0131z sayesinde y\u00fcksek hacimli operasyonlar\u0131 y\u00f6neterek T\u00fcrk hasad\u0131n\u0131 d\u00fcnya pazarlar\u0131na ula\u015ft\u0131r\u0131yoruz.<\/p><\/div>\n<\/div><\/div>","protected":false},"excerpt":{"rendered":"<p>YOUR PARTNER IN GLOBAL FRESH PRODUCE Discover Our Commitment to Quality and Service \u00d6ZGAP Import &amp; Export specializes in fresh [&hellip;]<\/p>\n","protected":false},"author":4,"featured_media":0,"parent":0,"menu_order":0,"comment_status":"closed","ping_status":"closed","template":"","meta":{"_uag_custom_page_level_css":"","site-sidebar-layout":"default","site-content-layout":"","ast-site-content-layout":"default","site-content-style":"default","site-sidebar-style":"default","ast-global-header-display":"","ast-banner-title-visibility":"","ast-main-header-display":"","ast-hfb-above-header-display":"","ast-hfb-below-header-display":"","ast-hfb-mobile-header-display":"","site-post-title":"disabled","ast-breadcrumbs-content":"","ast-featured-img":"","footer-sml-layout":"","ast-disable-related-posts":"","theme-transparent-header-meta":"","adv-header-id-meta":"","stick-header-meta":"","header-above-stick-meta":"","header-main-stick-meta":"","header-below-stick-meta":"","astra-migrate-meta-layouts":"default","ast-page-background-enabled":"default","ast-page-background-meta":{"desktop":{"background-color":"var(--ast-global-color-4)","background-image":"","background-repeat":"repeat","background-position":"center center","background-size":"auto","background-attachment":"scroll","background-type":"","background-media":"","overlay-type":"","overlay-color":"","overlay-opacity":"","overlay-gradient":""},"tablet":{"background-color":"","background-image":"","background-repeat":"repeat","background-position":"center center","background-size":"auto","background-attachment":"scroll","background-type":"","background-media":"","overlay-type":"","overlay-color":"","overlay-opacity":"","overlay-gradient":""},"mobile":{"background-color":"","background-image":"","background-repeat":"repeat","background-position":"center center","background-size":"auto","background-attachment":"scroll","background-type":"","background-media":"","overlay-type":"","overlay-color":"","overlay-opacity":"","overlay-gradient":""}},"ast-content-background-meta":{"desktop":{"background-color":"var(--ast-global-color-5)","background-image":"","background-repeat":"repeat","background-position":"center center","background-size":"auto","background-attachment":"scroll","background-type":"","background-media":"","overlay-type":"","overlay-color":"","overlay-opacity":"","overlay-gradient":""},"tablet":{"background-color":"var(--ast-global-color-5)","background-image":"","background-repeat":"repeat","background-position":"center center","background-size":"auto","background-attachment":"scroll","background-type":"","background-media":"","overlay-type":"","overlay-color":"","overlay-opacity":"","overlay-gradient":""},"mobile":{"background-color":"var(--ast-global-color-5)","background-image":"","background-repeat":"repeat","background-position":"center center","background-size":"auto","background-attachment":"scroll","background-type":"","background-media":"","overlay-type":"","overlay-color":"","overlay-opacity":"","overlay-gradient":""}},"footnotes":""},"class_list":["post-298","page","type-page","status-publish","hentry"],"uagb_featured_image_src":{"full":false,"thumbnail":false,"medium":false,"medium_large":false,"large":false,"1536x1536":false,"2048x2048":false,"trp-custom-language-flag":false},"uagb_author_info":{"display_name":"xlzl6j35gvtf","author_link":"https:\/\/ozgaps.com\/tr\/author\/xlzl6j35gvtf\/"},"uagb_comment_info":0,"uagb_excerpt":"YOUR PARTNER IN GLOBAL FRESH PRODUCE Discover Our Commitment to Quality and Service \u00d6ZGAP Import &amp; Export specializes in fresh [&hellip;]","_links":{"self":[{"href":"https:\/\/ozgaps.com\/tr\/wp-json\/wp\/v2\/pages\/298","targetHints":{"allow":["GET"]}}],"collection":[{"href":"https:\/\/ozgaps.com\/tr\/wp-json\/wp\/v2\/pages"}],"about":[{"href":"https:\/\/ozgaps.com\/tr\/wp-json\/wp\/v2\/types\/page"}],"author":[{"embeddable":true,"href":"https:\/\/ozgaps.com\/tr\/wp-json\/wp\/v2\/users\/4"}],"replies":[{"embeddable":true,"href":"https:\/\/ozgaps.com\/tr\/wp-json\/wp\/v2\/comments?post=298"}],"version-history":[{"count":3,"href":"https:\/\/ozgaps.com\/tr\/wp-json\/wp\/v2\/pages\/298\/revisions"}],"predecessor-version":[{"id":609,"href":"https:\/\/ozgaps.com\/tr\/wp-json\/wp\/v2\/pages\/298\/revisions\/609"}],"wp:attachment":[{"href":"https:\/\/ozgaps.com\/tr\/wp-json\/wp\/v2\/media?parent=298"}],"curies":[{"name":"wp","href":"https:\/\/api.w.org\/{rel}","templated":true}]}}