{"id":299,"date":"2026-04-23T21:21:48","date_gmt":"2026-04-23T21:21:48","guid":{"rendered":"https:\/\/zyngaa.holistic-hercules-fo.zipwpcloud.com\/?page_id=299"},"modified":"2026-04-26T22:17:26","modified_gmt":"2026-04-26T22:17:26","slug":"products","status":"publish","type":"page","link":"https:\/\/ozgaps.com\/tr\/products\/","title":{"rendered":"\u00dcr\u00fcnler"},"content":{"rendered":"<div class=\"wp-block-uagb-container uagb-layout-grid uagb-block-bfe052b1 alignfull uagb-is-root-container\"><div class=\"uagb-container-inner-blocks-wrap\">\n<div class=\"wp-block-uagb-advanced-heading uagb-block-4de6aee5\"><div class=\"uagb-separator\"><\/div><h1 class=\"uagb-heading-text\">TAZE MEYVE VE SEBZELERDE K\u00dcRESEL TEDAR\u0130K<\/h1><\/div>\n\n\n\n<div class=\"wp-block-uagb-image uagb-block-259aae54 wp-block-uagb-image--layout-default wp-block-uagb-image--effect-static wp-block-uagb-image--align-none\"><figure class=\"wp-block-uagb-image__figure\"><img decoding=\"async\" srcset=\"https:\/\/zyngaa.holistic-hercules-fo.zipwpcloud.com\/wp-content\/uploads\/2026\/04\/photo12jpg-scaled.jpeg ,https:\/\/zyngaa.holistic-hercules-fo.zipwpcloud.com\/wp-content\/uploads\/2026\/04\/photo12jpg-scaled.jpeg 780w, https:\/\/zyngaa.holistic-hercules-fo.zipwpcloud.com\/wp-content\/uploads\/2026\/04\/photo12jpg-scaled.jpeg 360w\" sizes=\"auto, (max-width: 480px) 150px\" src=\"https:\/\/zyngaa.holistic-hercules-fo.zipwpcloud.com\/wp-content\/uploads\/2026\/04\/photo12jpg-scaled.jpeg\" alt=\"photo12jpg\" class=\"uag-image-558\" width=\"396\" height=\"380\" title=\"services-img\" loading=\"lazy\" role=\"img\"\/><\/figure><\/div>\n<\/div><\/div>\n\n\n\n<p style=\"font-size:25px\"><em>Bah\u00e7elerimizden d\u00fcnya pazarlar\u0131na g\u00fcvenle...<\/em><\/p>\n\n\n\n<div class=\"wp-block-uagb-container uagb-block-f02a1ac0 alignfull uagb-is-root-container\"><div class=\"uagb-container-inner-blocks-wrap\">\n<div class=\"wp-block-uagb-container uagb-layout-grid uagb-block-1f6539c9\">\n<div class=\"wp-block-uagb-image uagb-block-22bf66dd wp-block-uagb-image--layout-default wp-block-uagb-image--effect-static wp-block-uagb-image--align-none\"><figure class=\"wp-block-uagb-image__figure\"><img decoding=\"async\" srcset=\"https:\/\/zyngaa.holistic-hercules-fo.zipwpcloud.com\/wp-content\/uploads\/2026\/04\/photo26jpg-768x1024.jpeg ,https:\/\/zyngaa.holistic-hercules-fo.zipwpcloud.com\/wp-content\/uploads\/2026\/04\/photo26jpg-scaled.jpeg 780w, https:\/\/zyngaa.holistic-hercules-fo.zipwpcloud.com\/wp-content\/uploads\/2026\/04\/photo26jpg-scaled.jpeg 360w\" sizes=\"auto, (max-width: 480px) 150px\" src=\"https:\/\/zyngaa.holistic-hercules-fo.zipwpcloud.com\/wp-content\/uploads\/2026\/04\/photo26jpg-768x1024.jpeg\" alt=\"photo26jpg\" class=\"uag-image-541\" width=\"500\" height=\"340\" title=\"photo26jpg\" loading=\"lazy\" role=\"img\"\/><\/figure><\/div>\n\n\n\n<div class=\"wp-block-uagb-advanced-heading uagb-block-7fc15760\"><h2 class=\"uagb-heading-text\">01.<\/h2><\/div>\n\n\n\n<div class=\"wp-block-uagb-advanced-heading uagb-block-d1bf4422\"><h3 class=\"uagb-heading-text\">NARENC\u0130YE GRUBU<\/h3><p class=\"uagb-desc-text\"><strong>Mandalina<\/strong> Satsuma, Clementine, Fremont, Nova<br><strong>Limon<\/strong> Enterdonat, Lamas, Mayer<br><strong>Portakal<\/strong> Washington, Valencia<br><strong>Greyfurt<\/strong> Star Ruby, Ruby Red<\/p><\/div>\n<\/div>\n\n\n\n<div class=\"wp-block-uagb-container uagb-layout-grid uagb-block-4e23bf70\">\n<div class=\"wp-block-uagb-image uagb-block-5975b480 wp-block-uagb-image--layout-default wp-block-uagb-image--effect-static wp-block-uagb-image--align-none\"><figure class=\"wp-block-uagb-image__figure\"><img decoding=\"async\" srcset=\"https:\/\/zyngaa.holistic-hercules-fo.zipwpcloud.com\/wp-content\/uploads\/2026\/04\/photo5jpg-scaled.jpeg ,https:\/\/zyngaa.holistic-hercules-fo.zipwpcloud.com\/wp-content\/uploads\/2026\/04\/photo5jpg-scaled.jpeg 780w, https:\/\/zyngaa.holistic-hercules-fo.zipwpcloud.com\/wp-content\/uploads\/2026\/04\/photo5jpg-scaled.jpeg 360w\" sizes=\"auto, (max-width: 480px) 150px\" src=\"https:\/\/zyngaa.holistic-hercules-fo.zipwpcloud.com\/wp-content\/uploads\/2026\/04\/photo5jpg-scaled.jpeg\" alt=\"photo5jpg\" class=\"uag-image-545\" width=\"500\" height=\"340\" title=\"services-02\" loading=\"lazy\" role=\"img\"\/><\/figure><\/div>\n\n\n\n<div class=\"wp-block-uagb-advanced-heading uagb-block-42b1afc3\"><h2 class=\"uagb-heading-text\">02.<\/h2><\/div>\n\n\n\n<div class=\"wp-block-uagb-advanced-heading uagb-block-2b5b97c7\"><h3 class=\"uagb-heading-text\">TAZE MEYVELER<\/h3><p class=\"uagb-desc-text\"><strong>Elma<\/strong> Red Delicious, Granny Smith, Gala, Fuji<br><strong>Kay\u0131s\u0131<\/strong> Mut, \u015eekerpare<br><strong>\u015eeftali &amp; Nektarin<\/strong><br><strong>Kiraz &amp; \u00dcz\u00fcm<\/strong><\/p><\/div>\n<\/div>\n\n\n\n<div class=\"wp-block-uagb-container uagb-layout-grid uagb-block-75fb60e4\">\n<div class=\"wp-block-uagb-image uagb-block-dec8dc2a wp-block-uagb-image--layout-default wp-block-uagb-image--effect-static wp-block-uagb-image--align-none\"><figure class=\"wp-block-uagb-image__figure\"><img decoding=\"async\" srcset=\"https:\/\/ozgaps.com\/wp-content\/uploads\/2026\/04\/15afd5f1-739a-4451-981b-a536339b582f-869x1024.jpeg ,https:\/\/ozgaps.com\/wp-content\/uploads\/2026\/04\/15afd5f1-739a-4451-981b-a536339b582f.jpeg 780w, https:\/\/ozgaps.com\/wp-content\/uploads\/2026\/04\/15afd5f1-739a-4451-981b-a536339b582f.jpeg 360w\" sizes=\"auto, (max-width: 480px) 150px\" src=\"https:\/\/ozgaps.com\/wp-content\/uploads\/2026\/04\/15afd5f1-739a-4451-981b-a536339b582f-869x1024.jpeg\" alt=\"15afd5f1 739a 4451 981b a536339b582f\" class=\"uag-image-692\" width=\"500\" height=\"340\" title=\"15afd5f1 739a 4451 981b a536339b582f\" loading=\"lazy\" role=\"img\"\/><\/figure><\/div>\n\n\n\n<div class=\"wp-block-uagb-advanced-heading uagb-block-e6ec07d4\"><h2 class=\"uagb-heading-text\">03.<\/h2><\/div>\n\n\n\n<div class=\"wp-block-uagb-advanced-heading uagb-block-99c873e0\"><h3 class=\"uagb-heading-text\">TAZE SEBZELER<\/h3><p class=\"uagb-desc-text\"><strong>Domates<\/strong> Salk\u0131m, Petem<br><strong>Biber<\/strong> Kapya, Charleston, Sivri<br><strong>Salatal\u0131k &amp; Patl\u0131can<\/strong><br><strong>Kabak<\/strong><\/p><\/div>\n<\/div>\n\n\n\n<div class=\"wp-block-uagb-advanced-heading uagb-block-847f0174\"><div class=\"uagb-separator\"><\/div><h2 class=\"uagb-heading-text\">Kalite ve Tazeli\u011fi Garanti Eden Uzman S\u00fcre\u00e7ler<\/h2><\/div>\n<\/div><\/div>\n\n\n\n<div class=\"wp-block-uagb-container uagb-layout-grid uagb-block-cd2486f8 alignfull uagb-is-root-container\"><div class=\"uagb-container-inner-blocks-wrap\">\n<div class=\"wp-block-uagb-container uagb-block-680c0089\">\n<div class=\"wp-block-uagb-advanced-heading uagb-block-2c1fc22f\"><p class=\"uagb-heading-text\">Premium \u00dcr\u00fcn Tedariki<\/p><p class=\"uagb-desc-text\">D\u00fcnya genelindeki se\u00e7kin \u00fcreticilerle i\u015f birli\u011fi yaparak, talebe g\u00f6re en kaliteli meyve ve sebzeleri tedarik ediyoruz.<\/p><\/div>\n<\/div>\n\n\n\n<div class=\"wp-block-uagb-container uagb-block-f6244a01\">\n<div class=\"wp-block-uagb-advanced-heading uagb-block-3e2e789f\"><p class=\"uagb-heading-text\">So\u011fuk Depolama Y\u00f6netimi<\/p><p class=\"uagb-desc-text\">\u00dcr\u00fcnler, tazeli\u011fini ve kalitesini korumak i\u00e7in y\u00fcksek kapasiteli so\u011fuk depolara h\u0131zl\u0131ca aktar\u0131l\u0131r.<\/p><\/div>\n<\/div>\n\n\n\n<div class=\"wp-block-uagb-container uagb-block-0815f89c\">\n<div class=\"wp-block-uagb-advanced-heading uagb-block-4fdc0b6f\"><p class=\"uagb-heading-text\">Kalite Kontrol S\u00fcre\u00e7leri<\/p><p class=\"uagb-desc-text\">Ekibimiz, uluslararas\u0131 standartlara uygunlu\u011fu sa\u011flamak i\u00e7in her a\u015famada detayl\u0131 kalite kontrolleri ger\u00e7ekle\u015ftirir.<\/p><\/div>\n<\/div>\n\n\n\n<div class=\"wp-block-uagb-container uagb-block-77ffa57b\">\n<div class=\"wp-block-uagb-advanced-heading uagb-block-3b941aaf\"><p class=\"uagb-heading-text\">Etkin Da\u011f\u0131t\u0131m<\/p><p class=\"uagb-desc-text\">H\u0131zl\u0131 ve etkili lojistik organizasyonumuz sayesinde taze \u00fcr\u00fcnleri k\u00fcresel pazarlara g\u00fcvenilir \u015fekilde ula\u015ft\u0131r\u0131yoruz.<\/p><\/div>\n<\/div>\n<\/div><\/div>","protected":false},"excerpt":{"rendered":"<p>GLOBAL SUPPLY OF FRESH FRUITS &amp; VEGETABLES From our orchards to the world markets with trust 01. CITRUS GROUP Mandarin: [&hellip;]<\/p>\n","protected":false},"author":4,"featured_media":0,"parent":0,"menu_order":0,"comment_status":"closed","ping_status":"closed","template":"","meta":{"_uag_custom_page_level_css":"","site-sidebar-layout":"default","site-content-layout":"","ast-site-content-layout":"default","site-content-style":"default","site-sidebar-style":"default","ast-global-header-display":"","ast-banner-title-visibility":"","ast-main-header-display":"","ast-hfb-above-header-display":"","ast-hfb-below-header-display":"","ast-hfb-mobile-header-display":"","site-post-title":"disabled","ast-breadcrumbs-content":"","ast-featured-img":"","footer-sml-layout":"","ast-disable-related-posts":"","theme-transparent-header-meta":"","adv-header-id-meta":"","stick-header-meta":"","header-above-stick-meta":"","header-main-stick-meta":"","header-below-stick-meta":"","astra-migrate-meta-layouts":"default","ast-page-background-enabled":"default","ast-page-background-meta":{"desktop":{"background-color":"var(--ast-global-color-4)","background-image":"","background-repeat":"repeat","background-position":"center center","background-size":"auto","background-attachment":"scroll","background-type":"","background-media":"","overlay-type":"","overlay-color":"","overlay-opacity":"","overlay-gradient":""},"tablet":{"background-color":"","background-image":"","background-repeat":"repeat","background-position":"center center","background-size":"auto","background-attachment":"scroll","background-type":"","background-media":"","overlay-type":"","overlay-color":"","overlay-opacity":"","overlay-gradient":""},"mobile":{"background-color":"","background-image":"","background-repeat":"repeat","background-position":"center center","background-size":"auto","background-attachment":"scroll","background-type":"","background-media":"","overlay-type":"","overlay-color":"","overlay-opacity":"","overlay-gradient":""}},"ast-content-background-meta":{"desktop":{"background-color":"var(--ast-global-color-5)","background-image":"","background-repeat":"repeat","background-position":"center center","background-size":"auto","background-attachment":"scroll","background-type":"","background-media":"","overlay-type":"","overlay-color":"","overlay-opacity":"","overlay-gradient":""},"tablet":{"background-color":"var(--ast-global-color-5)","background-image":"","background-repeat":"repeat","background-position":"center center","background-size":"auto","background-attachment":"scroll","background-type":"","background-media":"","overlay-type":"","overlay-color":"","overlay-opacity":"","overlay-gradient":""},"mobile":{"background-color":"var(--ast-global-color-5)","background-image":"","background-repeat":"repeat","background-position":"center center","background-size":"auto","background-attachment":"scroll","background-type":"","background-media":"","overlay-type":"","overlay-color":"","overlay-opacity":"","overlay-gradient":""}},"footnotes":""},"class_list":["post-299","page","type-page","status-publish","hentry"],"uagb_featured_image_src":{"full":false,"thumbnail":false,"medium":false,"medium_large":false,"large":false,"1536x1536":false,"2048x2048":false,"trp-custom-language-flag":false},"uagb_author_info":{"display_name":"xlzl6j35gvtf","author_link":"https:\/\/ozgaps.com\/tr\/author\/xlzl6j35gvtf\/"},"uagb_comment_info":0,"uagb_excerpt":"GLOBAL SUPPLY OF FRESH FRUITS &amp; VEGETABLES From our orchards to the world markets with trust 01. CITRUS GROUP Mandarin: [&hellip;]","_links":{"self":[{"href":"https:\/\/ozgaps.com\/tr\/wp-json\/wp\/v2\/pages\/299","targetHints":{"allow":["GET"]}}],"collection":[{"href":"https:\/\/ozgaps.com\/tr\/wp-json\/wp\/v2\/pages"}],"about":[{"href":"https:\/\/ozgaps.com\/tr\/wp-json\/wp\/v2\/types\/page"}],"author":[{"embeddable":true,"href":"https:\/\/ozgaps.com\/tr\/wp-json\/wp\/v2\/users\/4"}],"replies":[{"embeddable":true,"href":"https:\/\/ozgaps.com\/tr\/wp-json\/wp\/v2\/comments?post=299"}],"version-history":[{"count":6,"href":"https:\/\/ozgaps.com\/tr\/wp-json\/wp\/v2\/pages\/299\/revisions"}],"predecessor-version":[{"id":693,"href":"https:\/\/ozgaps.com\/tr\/wp-json\/wp\/v2\/pages\/299\/revisions\/693"}],"wp:attachment":[{"href":"https:\/\/ozgaps.com\/tr\/wp-json\/wp\/v2\/media?parent=299"}],"curies":[{"name":"wp","href":"https:\/\/api.w.org\/{rel}","templated":true}]}}